{"id":804,"date":"2020-11-18T10:56:11","date_gmt":"2020-11-18T09:56:11","guid":{"rendered":"https:\/\/tenutailquinto.com\/?page_id=804"},"modified":"2026-04-09T18:39:43","modified_gmt":"2026-04-09T16:39:43","slug":"visita","status":"publish","type":"page","link":"https:\/\/tenutailquinto.com\/it\/visita\/","title":{"rendered":"Visita"},"content":{"rendered":"<p>[et_pb_section fb_built=&#8221;1&#8243; _builder_version=&#8221;4.16&#8243; background_color=&#8221;#f9f5f1&#8243; background_enable_image=&#8221;off&#8221; background_size=&#8221;initial&#8221; global_colors_info=&#8221;{}&#8221;][et_pb_row _builder_version=&#8221;4.16&#8243; custom_margin=&#8221;-2px|auto||auto|false|false&#8221; custom_padding=&#8221;0px||1px|||&#8221; locked=&#8221;off&#8221; global_colors_info=&#8221;{}&#8221;][et_pb_column type=&#8221;4_4&#8243; _builder_version=&#8221;4.16&#8243; global_colors_info=&#8221;{}&#8221;][et_pb_text _builder_version=&#8221;4.27.4&#8243; _module_preset=&#8221;default&#8221; text_font=&#8221;|300|||||||&#8221; global_colors_info=&#8221;{}&#8221;]<\/p>\n<p><strong data-renderer-mark=\"true\">Tenuta Il Quinto <\/strong><span>nasce in Maremma, tra il<\/span><strong data-renderer-mark=\"true\"> Monte Amiata e l\u2019Argentario<\/strong><span>, si estende su <\/span><strong data-renderer-mark=\"true\">80 ettari<\/strong><span> tra boschi, uliveti e vigneti. 15 ettari di vigneto, a circa 250 metri sul livello del mare, divisi tra Fiano, Alicante, Sangiovese e altre variet\u00e0 internazionali come Grenache, Syrah, Merlot e Cabernet. L\u2019azienda \u00e8 biologica dal 2003, da quando i primi vigneti furono piantati dalla precedente propriet\u00e0. Dal 2021, con la costruzione della nuova cantina, Il Quinto offre attivit\u00e0 di visite e degustazioni, oltre alla possibilit\u00e0 di fare wine experiences e degustare vini del territorio, immersi nella natura, con vista sul Monte Argentario e l\u2019Isola del Giglio.<\/span><\/p>\n<p>[\/et_pb_text][et_pb_text _builder_version=&#8221;4.27.4&#8243; _module_preset=&#8221;default&#8221; global_colors_info=&#8221;{}&#8221;]<\/p>\n<h1 style=\"text-align: center;\">Prenota una visita<\/h1>\n<p>[\/et_pb_text][\/et_pb_column][\/et_pb_row][\/et_pb_section][et_pb_section fb_built=&#8221;1&#8243; _builder_version=&#8221;4.27.4&#8243; _module_preset=&#8221;default&#8221; custom_padding=&#8221;17px|||||&#8221; global_colors_info=&#8221;{}&#8221;][et_pb_row _builder_version=&#8221;4.27.4&#8243; _module_preset=&#8221;default&#8221; global_colors_info=&#8221;{}&#8221;][et_pb_column type=&#8221;4_4&#8243; _builder_version=&#8221;4.27.4&#8243; _module_preset=&#8221;default&#8221; global_colors_info=&#8221;{}&#8221;][et_pb_code _builder_version=&#8221;4.27.4&#8243; _module_preset=&#8221;default&#8221; global_colors_info=&#8221;{}&#8221;]<link rel=\"stylesheet\" type=\"text\/css\" href=\"https:\/\/divinea-widget.web.app\/assets\/css\/styles.css\"><!-- [et_pb_line_break_holder] -->       <app-divinea language=\"it\"<!-- [et_pb_line_break_holder] -->                    ismine=&#8221;true&#8221;<!-- [et_pb_line_break_holder] -->                    cardlist=&#8221;card&#8221;<!-- [et_pb_line_break_holder] -->                    companies=&#8221;68307e2c-2342-43b7-b1b8-f3045a783064&#8243;><\/app-divinea><!-- [et_pb_line_break_holder] -->       <script type=\"text\/javascript\" src=\"https:\/\/divinea-widget.web.app\/app-divinea.js\"><\/script><!-- [et_pb_line_break_holder] --><!-- [et_pb_line_break_holder] --><\/p>\n<style><!-- [et_pb_line_break_holder] --><link rel=\"stylesheet\" type=\"text\/css\" href=\"https:\/\/divinea-widget.web.app\/assets\/css\/styles.css\"><!-- [et_pb_line_break_holder] -->       <app-divinea language=\"it\"<!-- [et_pb_line_break_holder] -->                    ismine=\"true\"<!-- [et_pb_line_break_holder] -->                    cardlist=\"card\"<!-- [et_pb_line_break_holder] -->                    companies=\"68307e2c-2342-43b7-b1b8-f3045a783064\"><\/app-divinea><!-- [et_pb_line_break_holder] -->       <script type=\"text\/javascript\" src=\"https:\/\/divinea-widget.web.app\/app-divinea.js\"><\/script><!-- [et_pb_line_break_holder] --><\/style>\n<p>[\/et_pb_code][\/et_pb_column][\/et_pb_row][\/et_pb_section]<\/p>\n","protected":false},"excerpt":{"rendered":"<p>Tenuta Il Quinto nasce in Maremma, tra il Monte Amiata e l\u2019Argentario, si estende su 80 ettari tra boschi, uliveti e vigneti. 15 ettari di vigneto, a circa 250 metri sul livello del mare, divisi tra Fiano, Alicante, Sangiovese e altre variet\u00e0 internazionali come Grenache, Syrah, Merlot e Cabernet. L\u2019azienda \u00e8 biologica dal 2003, da [&hellip;]<\/p>\n","protected":false},"author":189527732,"featured_media":0,"parent":0,"menu_order":0,"comment_status":"closed","ping_status":"closed","template":"","meta":{"_et_pb_use_builder":"on","_et_pb_old_content":"","_et_gb_content_width":"","footnotes":""},"class_list":["post-804","page","type-page","status-publish","hentry"],"yoast_head":"<!-- This site is optimized with the Yoast SEO plugin v27.5 - https:\/\/yoast.com\/product\/yoast-seo-wordpress\/ -->\n<title>Visita - Tenuta il Quinto<\/title>\n<meta name=\"description\" content=\"Vivi un&#039;esperienza unica a Tenuta il Quinto. Prenota la tua visita in cantina e degusta i nostri vini d&#039;eccellenza immerso nei paesaggi della Maremma toscana.\" \/>\n<meta name=\"robots\" content=\"index, follow, max-snippet:-1, max-image-preview:large, max-video-preview:-1\" \/>\n<link rel=\"canonical\" href=\"https:\/\/tenutailquinto.com\/it\/visita\/\" \/>\n<meta property=\"og:locale\" content=\"it_IT\" \/>\n<meta property=\"og:type\" content=\"article\" \/>\n<meta property=\"og:title\" content=\"Visita - Tenuta il Quinto\" \/>\n<meta property=\"og:description\" content=\"Vivi un&#039;esperienza unica a Tenuta il Quinto. Prenota la tua visita in cantina e degusta i nostri vini d&#039;eccellenza immerso nei paesaggi della Maremma toscana.\" \/>\n<meta property=\"og:url\" content=\"https:\/\/tenutailquinto.com\/it\/visita\/\" \/>\n<meta property=\"og:site_name\" content=\"Tenuta il Quinto\" \/>\n<meta property=\"article:modified_time\" content=\"2026-04-09T16:39:43+00:00\" \/>\n<meta name=\"twitter:card\" content=\"summary_large_image\" \/>\n<meta name=\"twitter:label1\" content=\"Tempo di lettura stimato\" \/>\n\t<meta name=\"twitter:data1\" content=\"1 minuto\" \/>\n<script type=\"application\/ld+json\" class=\"yoast-schema-graph\">{\"@context\":\"https:\\\/\\\/schema.org\",\"@graph\":[{\"@type\":\"WebPage\",\"@id\":\"https:\\\/\\\/tenutailquinto.com\\\/it\\\/visita\\\/\",\"url\":\"https:\\\/\\\/tenutailquinto.com\\\/it\\\/visita\\\/\",\"name\":\"Visita - Tenuta il Quinto\",\"isPartOf\":{\"@id\":\"https:\\\/\\\/tenutailquinto.com\\\/#website\"},\"datePublished\":\"2020-11-18T09:56:11+00:00\",\"dateModified\":\"2026-04-09T16:39:43+00:00\",\"description\":\"Vivi un'esperienza unica a Tenuta il Quinto. Prenota la tua visita in cantina e degusta i nostri vini d'eccellenza immerso nei paesaggi della Maremma toscana.\",\"breadcrumb\":{\"@id\":\"https:\\\/\\\/tenutailquinto.com\\\/it\\\/visita\\\/#breadcrumb\"},\"inLanguage\":\"it-IT\",\"potentialAction\":[{\"@type\":\"ReadAction\",\"target\":[\"https:\\\/\\\/tenutailquinto.com\\\/it\\\/visita\\\/\"]}]},{\"@type\":\"BreadcrumbList\",\"@id\":\"https:\\\/\\\/tenutailquinto.com\\\/it\\\/visita\\\/#breadcrumb\",\"itemListElement\":[{\"@type\":\"ListItem\",\"position\":1,\"name\":\"Accueil\",\"item\":\"https:\\\/\\\/tenutailquinto.com\\\/it\\\/\"},{\"@type\":\"ListItem\",\"position\":2,\"name\":\"Visita\"}]},{\"@type\":\"WebSite\",\"@id\":\"https:\\\/\\\/tenutailquinto.com\\\/#website\",\"url\":\"https:\\\/\\\/tenutailquinto.com\\\/\",\"name\":\"Tenuta il Quinto\",\"description\":\"\",\"potentialAction\":[{\"@type\":\"SearchAction\",\"target\":{\"@type\":\"EntryPoint\",\"urlTemplate\":\"https:\\\/\\\/tenutailquinto.com\\\/?s={search_term_string}\"},\"query-input\":{\"@type\":\"PropertyValueSpecification\",\"valueRequired\":true,\"valueName\":\"search_term_string\"}}],\"inLanguage\":\"it-IT\"}]}<\/script>\n<!-- \/ Yoast SEO plugin. -->","yoast_head_json":{"title":"Visita - Tenuta il Quinto","description":"Vivi un'esperienza unica a Tenuta il Quinto. Prenota la tua visita in cantina e degusta i nostri vini d'eccellenza immerso nei paesaggi della Maremma toscana.","robots":{"index":"index","follow":"follow","max-snippet":"max-snippet:-1","max-image-preview":"max-image-preview:large","max-video-preview":"max-video-preview:-1"},"canonical":"https:\/\/tenutailquinto.com\/it\/visita\/","og_locale":"it_IT","og_type":"article","og_title":"Visita - Tenuta il Quinto","og_description":"Vivi un'esperienza unica a Tenuta il Quinto. Prenota la tua visita in cantina e degusta i nostri vini d'eccellenza immerso nei paesaggi della Maremma toscana.","og_url":"https:\/\/tenutailquinto.com\/it\/visita\/","og_site_name":"Tenuta il Quinto","article_modified_time":"2026-04-09T16:39:43+00:00","twitter_card":"summary_large_image","twitter_misc":{"Tempo di lettura stimato":"1 minuto"},"schema":{"@context":"https:\/\/schema.org","@graph":[{"@type":"WebPage","@id":"https:\/\/tenutailquinto.com\/it\/visita\/","url":"https:\/\/tenutailquinto.com\/it\/visita\/","name":"Visita - Tenuta il Quinto","isPartOf":{"@id":"https:\/\/tenutailquinto.com\/#website"},"datePublished":"2020-11-18T09:56:11+00:00","dateModified":"2026-04-09T16:39:43+00:00","description":"Vivi un'esperienza unica a Tenuta il Quinto. Prenota la tua visita in cantina e degusta i nostri vini d'eccellenza immerso nei paesaggi della Maremma toscana.","breadcrumb":{"@id":"https:\/\/tenutailquinto.com\/it\/visita\/#breadcrumb"},"inLanguage":"it-IT","potentialAction":[{"@type":"ReadAction","target":["https:\/\/tenutailquinto.com\/it\/visita\/"]}]},{"@type":"BreadcrumbList","@id":"https:\/\/tenutailquinto.com\/it\/visita\/#breadcrumb","itemListElement":[{"@type":"ListItem","position":1,"name":"Accueil","item":"https:\/\/tenutailquinto.com\/it\/"},{"@type":"ListItem","position":2,"name":"Visita"}]},{"@type":"WebSite","@id":"https:\/\/tenutailquinto.com\/#website","url":"https:\/\/tenutailquinto.com\/","name":"Tenuta il Quinto","description":"","potentialAction":[{"@type":"SearchAction","target":{"@type":"EntryPoint","urlTemplate":"https:\/\/tenutailquinto.com\/?s={search_term_string}"},"query-input":{"@type":"PropertyValueSpecification","valueRequired":true,"valueName":"search_term_string"}}],"inLanguage":"it-IT"}]}},"jetpack_sharing_enabled":true,"jetpack_shortlink":"https:\/\/wp.me\/PcbQCo-cY","_links":{"self":[{"href":"https:\/\/tenutailquinto.com\/it\/wp-json\/wp\/v2\/pages\/804","targetHints":{"allow":["GET"]}}],"collection":[{"href":"https:\/\/tenutailquinto.com\/it\/wp-json\/wp\/v2\/pages"}],"about":[{"href":"https:\/\/tenutailquinto.com\/it\/wp-json\/wp\/v2\/types\/page"}],"author":[{"embeddable":true,"href":"https:\/\/tenutailquinto.com\/it\/wp-json\/wp\/v2\/users\/189527732"}],"replies":[{"embeddable":true,"href":"https:\/\/tenutailquinto.com\/it\/wp-json\/wp\/v2\/comments?post=804"}],"version-history":[{"count":23,"href":"https:\/\/tenutailquinto.com\/it\/wp-json\/wp\/v2\/pages\/804\/revisions"}],"predecessor-version":[{"id":2369,"href":"https:\/\/tenutailquinto.com\/it\/wp-json\/wp\/v2\/pages\/804\/revisions\/2369"}],"wp:attachment":[{"href":"https:\/\/tenutailquinto.com\/it\/wp-json\/wp\/v2\/media?parent=804"}],"curies":[{"name":"wp","href":"https:\/\/api.w.org\/{rel}","templated":true}]}}