{"id":813,"date":"2020-11-18T11:00:01","date_gmt":"2020-11-18T10:00:01","guid":{"rendered":"https:\/\/tenutailquinto.com\/?page_id=813"},"modified":"2020-11-18T11:00:03","modified_gmt":"2020-11-18T10:00:03","slug":"avviso-legale","status":"publish","type":"page","link":"https:\/\/tenutailquinto.com\/it\/avviso-legale\/","title":{"rendered":"Avviso legale"},"content":{"rendered":"\n[et_pb_section fb_built=&#8221;1&#8243; _builder_version=&#8221;4.6.6&#8243; _module_preset=&#8221;default&#8221;][et_pb_row _builder_version=&#8221;4.6.6&#8243; _module_preset=&#8221;default&#8221;][et_pb_column type=&#8221;4_4&#8243; _builder_version=&#8221;4.6.6&#8243; _module_preset=&#8221;default&#8221;][et_pb_text _builder_version=&#8221;4.6.6&#8243; _module_preset=&#8221;default&#8221; header_font=&#8221;|||on|||||&#8221; header_text_align=&#8221;center&#8221;]<h1>Mentions l\u00e9gales<\/h1>\n<h2>Pr\u00e9sentation du site<\/h2>\n<p>Propri\u00e9taire : SARL Tenuta Il Quinto<\/p>\n<p><span>SIRET (C.F) : 12859770153<\/span><\/p>\n<p><span>Adresse : Via degli Sterpeti, 58051 Magliano in Toscana GR, Italie<\/span><\/p>\n<p>Contact : Carlotta Saby\u00a0<a href=\"mailto:carlotta@ilquinto.it\">carlotta@ilquinto.it<\/a><\/p>\n<p>D\u00e9veloppeur : Matthieu Wagon de <a href=\"https:\/\/monsieurw.fr\/\" target=\"_blank\" rel=\"noopener noreferrer\">Monsieur W<\/a>\u00a0 contact@monsieurw.fr<\/p>\n<p>H\u00e9bergeur :<strong>Automattic Inc.<\/strong><br \/> <span>60 29th Street #343<\/span><br \/> <span>San Francisco, CA 94110<\/span><\/p>\n<p><span><\/span><\/p>\n<h2><span>Donn\u00e9es personnelles<\/span><\/h2>\n<p><span>Les donn\u00e9es personnelles r\u00e9colt\u00e9es sont utilis\u00e9es pour les objectifs suivants :\u00a0<\/span><\/p>\n<p><span>&#8211; Vous recontacter suite \u00e0 un message ou demande de visite<\/span><\/p>\n<p><span>&#8211; Exp\u00e9dier votre commande \u00e0 votre domicile<\/span><\/p>\n<p><span>Les donn\u00e9es demand\u00e9es sont les suivantes :\u00a0<\/span><\/p>\n<p><span>&#8211; nom<\/span><\/p>\n<p><span>&#8211; pr\u00e9nom<\/span><\/p>\n<p><span>&#8211; adresse mail<\/span><\/p>\n<p><span>&#8211; t\u00e9l\u00e9phone<\/span><\/p>\n<p><span>&#8211; adresse postale<\/span><\/p>\n<p><span>&#8211; adresse de facturation<\/span><\/p>\n<p><span>Le paiement de votre commande est effectu\u00e9 via un service tiers (Stripe) et est enti\u00e8rement s\u00e9curis\u00e9. Nous ne stockons aucune donn\u00e9e bancaire sur notre site.<\/span><\/p>\n<p><span>Vous avez droit \u00e0 demander la modification et suppression de vos donn\u00e9es en nous contactant \u00e0 cette adresse :\u00a0<a href=\"mailto:carlotta@ilquinto.it\">carlotta@ilquinto.it<\/a><\/span><\/p>\n<h2>Cookies<\/h2>\n<p>Nous n&#8217;utilisons pas Google Analytics.<\/p>\n<p>La navigation sur le site<span>\u00a0Tenutailquinto.com<\/span><span>\u00a0<\/span>est susceptible de provoquer l\u2019installation de cookie(s) sur l\u2019ordinateur de l\u2019utilisateur. Un cookie est un fichier de petite taille, qui ne permet pas l\u2019identification de l\u2019utilisateur, mais qui enregistre des informations relatives \u00e0 la navigation d\u2019un ordinateur sur un site. Les donn\u00e9es ainsi obtenues visent \u00e0 faciliter la navigation ult\u00e9rieure sur le site, et ont \u00e9galement vocation \u00e0 permettre diverses mesures de fr\u00e9quentation.<\/p>\n<p>Le refus d\u2019installation d\u2019un cookie peut entra\u00eener l\u2019impossibilit\u00e9 d\u2019acc\u00e9der \u00e0 certains services. L\u2019utilisateur peut toutefois configurer son ordinateur de la mani\u00e8re suivante, pour refuser l\u2019installation des cookies :<\/p>\n<p>Sous Internet Explorer : onglet outil (pictogramme en forme de rouage en haut a droite) \/ options internet. Cliquez sur Confidentialit\u00e9 et choisissez Bloquer tous les cookies. Validez sur Ok.<\/p>\n<p>Sous Firefox : en haut de la fen\u00eatre du navigateur, cliquez sur le bouton Firefox, puis aller dans l\u2019onglet Options. Cliquer sur l\u2019onglet Vie priv\u00e9e. Param\u00e9trez les R\u00e8gles de conservation sur : utiliser les param\u00e8tres personnalis\u00e9s pour l\u2019historique. Enfin d\u00e9cochez-la pour d\u00e9sactiver les cookies.<\/p>\n<p>Sous Safari : Cliquez en haut \u00e0 droite du navigateur sur le pictogramme de menu (symbolis\u00e9 par un rouage). S\u00e9lectionnez Param\u00e8tres. Cliquez sur Afficher les param\u00e8tres avanc\u00e9s. Dans la section \u00ab\u00a0Confidentialit\u00e9\u00a0\u00bb, cliquez sur Param\u00e8tres de contenu. Dans la section \u00ab\u00a0Cookies\u00a0\u00bb, vous pouvez bloquer les cookies.<\/p>\n<p>Sous Chrome : Cliquez en haut \u00e0 droite du navigateur sur le pictogramme de menu (symbolis\u00e9 par trois lignes horizontales). S\u00e9lectionnez Param\u00e8tres. Cliquez sur Afficher les param\u00e8tres avanc\u00e9s. Dans la section \u00ab\u00a0Confidentialit\u00e9\u00a0\u00bb, cliquez sur pr\u00e9f\u00e9rences. Dans l\u2019onglet \u00ab\u00a0Confidentialit\u00e9\u00a0\u00bb, vous pouvez bloquer les cookies.<\/p>[\/et_pb_text][\/et_pb_column][\/et_pb_row][\/et_pb_section]\n","protected":false},"excerpt":{"rendered":"<p>Mentions l\u00e9gales Pr\u00e9sentation du site Propri\u00e9taire : SARL Tenuta Il Quinto SIRET (C.F) : 12859770153 Adresse : Via degli Sterpeti, 58051 Magliano in Toscana GR, Italie Contact : Carlotta Saby\u00a0carlotta@ilquinto.it D\u00e9veloppeur : Matthieu Wagon de Monsieur W\u00a0 contact@monsieurw.fr H\u00e9bergeur :Automattic Inc. 60 29th Street #343 San Francisco, CA 94110 Donn\u00e9es personnelles Les donn\u00e9es personnelles r\u00e9colt\u00e9es [&hellip;]<\/p>\n","protected":false},"author":189527731,"featured_media":0,"parent":0,"menu_order":0,"comment_status":"closed","ping_status":"closed","template":"","meta":{"_et_pb_use_builder":"on","_et_pb_old_content":"","_et_gb_content_width":"","jetpack_post_was_ever_published":false,"footnotes":""},"class_list":["post-813","page","type-page","status-publish","hentry"],"jetpack_sharing_enabled":true,"jetpack_shortlink":"https:\/\/wp.me\/PcbQCo-d7","_links":{"self":[{"href":"https:\/\/tenutailquinto.com\/it\/wp-json\/wp\/v2\/pages\/813","targetHints":{"allow":["GET"]}}],"collection":[{"href":"https:\/\/tenutailquinto.com\/it\/wp-json\/wp\/v2\/pages"}],"about":[{"href":"https:\/\/tenutailquinto.com\/it\/wp-json\/wp\/v2\/types\/page"}],"author":[{"embeddable":true,"href":"https:\/\/tenutailquinto.com\/it\/wp-json\/wp\/v2\/users\/189527731"}],"replies":[{"embeddable":true,"href":"https:\/\/tenutailquinto.com\/it\/wp-json\/wp\/v2\/comments?post=813"}],"version-history":[{"count":2,"href":"https:\/\/tenutailquinto.com\/it\/wp-json\/wp\/v2\/pages\/813\/revisions"}],"predecessor-version":[{"id":815,"href":"https:\/\/tenutailquinto.com\/it\/wp-json\/wp\/v2\/pages\/813\/revisions\/815"}],"wp:attachment":[{"href":"https:\/\/tenutailquinto.com\/it\/wp-json\/wp\/v2\/media?parent=813"}],"curies":[{"name":"wp","href":"https:\/\/api.w.org\/{rel}","templated":true}]}}